{"id":878,"date":"2025-12-19T11:11:23","date_gmt":"2025-12-19T10:11:23","guid":{"rendered":"https:\/\/sparks4school.org\/registrierung\/"},"modified":"2026-02-03T21:07:30","modified_gmt":"2026-02-03T20:07:30","slug":"registrierung","status":"publish","type":"page","link":"https:\/\/sparks4school.org\/en\/registrierung\/","title":{"rendered":"Registration"},"content":{"rendered":"<p><div class=\"fusion-fullwidth fullwidth-box fusion-builder-row-1 fusion-flex-container has-pattern-background has-mask-background nonhundred-percent-fullwidth non-hundred-percent-height-scrolling\" style=\"--awb-border-radius-top-left:0px;--awb-border-radius-top-right:0px;--awb-border-radius-bottom-right:0px;--awb-border-radius-bottom-left:0px;--awb-padding-top:50px;--awb-padding-bottom:0px;--awb-padding-top-small:50px;--awb-padding-right-small:20px;--awb-padding-left-small:20px;--awb-background-color:var(--awb-color3);--awb-flex-wrap:wrap;\" ><div class=\"fusion-builder-row fusion-row fusion-flex-align-items-center fusion-flex-justify-content-center fusion-flex-content-wrap\" style=\"max-width:1248px;margin-left: calc(-4% \/ 2 );margin-right: calc(-4% \/ 2 );\"><div class=\"fusion-layout-column fusion_builder_column fusion-builder-column-0 fusion_builder_column_3_4 3_4 fusion-flex-column\" style=\"--awb-bg-size:cover;--awb-width-large:75%;--awb-margin-top-large:0px;--awb-spacing-right-large:2.56%;--awb-margin-bottom-large:0px;--awb-spacing-left-large:2.56%;--awb-width-medium:75%;--awb-order-medium:0;--awb-spacing-right-medium:2.56%;--awb-spacing-left-medium:2.56%;--awb-width-small:100%;--awb-order-small:0;--awb-spacing-right-small:1.92%;--awb-spacing-left-small:1.92%;\"><div class=\"fusion-column-wrapper fusion-column-has-shadow fusion-flex-justify-content-flex-start fusion-content-layout-column\"><div class=\"fusion-title title fusion-title-1 fusion-sep-none fusion-title-center fusion-title-text fusion-title-size-two fusion-animated\" style=\"--awb-text-color:var(--awb-color4);--awb-margin-top-small:10px;--awb-margin-right-small:0px;--awb-margin-bottom-small:10px;--awb-margin-left-small:0px;\" data-animationType=\"fadeInDown\" data-animationDuration=\"0.9\" data-animationOffset=\"top-into-view\"><h2 class=\"fusion-title-heading title-heading-center sm-text-align-left\" style=\"margin:0;\">Registration as a teacher<\/h2><\/div><div class=\"fusion-text fusion-text-1 sm-text-align-left fusion-text-no-margin\" style=\"--awb-content-alignment:center;--awb-margin-bottom:0px;\"><p>Register as a teacher to gain access to all teaching materials.<br \/>\nThe terms of use can be found <a href=\"https:\/\/sparks4school.org\/en\/nutzungsbedingungen-unterrichtsmaterialien\/\">here<\/a>.<\/p>\n<\/div><\/div><\/div><\/div><\/div><div class=\"fusion-fullwidth fullwidth-box fusion-builder-row-2 fusion-flex-container has-pattern-background has-mask-background nonhundred-percent-fullwidth non-hundred-percent-height-scrolling\" style=\"--awb-border-radius-top-left:0px;--awb-border-radius-top-right:0px;--awb-border-radius-bottom-right:0px;--awb-border-radius-bottom-left:0px;--awb-flex-wrap:wrap;\" ><div class=\"fusion-builder-row fusion-row fusion-flex-align-items-flex-start fusion-flex-content-wrap\" style=\"max-width:1248px;margin-left: calc(-4% \/ 2 );margin-right: calc(-4% \/ 2 );\"><div class=\"fusion-layout-column fusion_builder_column fusion-builder-column-1 fusion_builder_column_1_1 1_1 fusion-flex-column\" style=\"--awb-bg-size:cover;--awb-width-large:100%;--awb-margin-top-large:0px;--awb-spacing-right-large:1.92%;--awb-margin-bottom-large:0px;--awb-spacing-left-large:1.92%;--awb-width-medium:100%;--awb-order-medium:0;--awb-spacing-right-medium:1.92%;--awb-spacing-left-medium:1.92%;--awb-width-small:100%;--awb-order-small:0;--awb-spacing-right-small:1.92%;--awb-spacing-left-small:1.92%;\"><div class=\"fusion-column-wrapper fusion-column-has-shadow fusion-flex-justify-content-flex-start fusion-content-layout-column\"><div class=\"fusion-section-separator section-separator paper fusion-section-separator-1\" style=\"--awb-spacer-height:50px;--awb-svg-margin-left:1.92%;--awb-svg-margin-right:1.92%;--awb-svg-margin-left-medium:1.92%;--awb-svg-margin-right-medium:1.92%;--awb-svg-margin-left-small:1.92%;--awb-svg-margin-right-small:1.92%;--awb-divider-height:50px;--awb-spacer-padding-top:inherit;--awb-bg-size:100% 50px;--awb-bg-size-medium:100% 100%;--awb-bg-size-small:100% 100%;\"><div class=\"fusion-section-separator-svg\"><div class=\"fusion-paper-candy-sep fusion-section-separator-svg-bg\" style=\"background-image:url( data:image\/svg+xml;utf8,%3Csvg%20xmlns%3D%22http%3A%2F%2Fwww.w3.org%2F2000%2Fsvg%22%20version%3D%221.1%22%20width%3D%22100%25%22%20viewBox%3D%220%200%201667%20102%22%20preserveAspectRatio%3D%22none%22%20fill%3D%22rgba%28207%2C220%2C223%2C1%29%22%3E%3Cpath%20d%3D%22M0%20102V18L14%2023H34L43%2028H70L83%2023L88%2018L110%2023L165%2038C169.13%2036.9132%20174.712%2035.4721%20180.5%2034.0232C184.719%2032.9671%20190.047%2035.9301%20194%2035C201.258%2033.2924%20206.255%2028%20208%2028C209.361%2028%20213.031%2030.7641%20215.5%2029.5C216.777%2028.8461%20216.634%2024.4684%20218%2023.652C221.756%2021.407%20227.081%2029.2742%20229.5%2027.5L240.5%2020.625H249.5L256%2017.4737L267%2014L278%2025L280.5%2031.652L287%2029.5L291.5%2035.5L298%2038L304%2035.5L314%2038L325%2037L329.5%2038H336L348%2035.5L354%2028H365L370.5%2020.5L382.5%2020.875L389.5%2017L402%2020.875L409.5%2017L424.5%2018.5L435.5%2017L451%2018.5L463%2017L471.5%2023L478.5%2020.875L487%2024.5L498.5%2025.5L505%2028H510C510.958%2029.5968%20510.605%2033.4726%20512.5%2035.5C514.561%2037.7047%20518.916%2038%20521%2038H530L585%2028L616%2017L632%2010L651.5%2013.5L668.5%2021.7L676.5%2018.1L686%2023.5L694.5%2021.7L705.5%2027.5L717%2026.2L727%2030.6786H733.5L744%2037.5L754%2038L786%2028H814L868%2017L887%2019.1111L898%2023L910%2021.6667L917%2024L927%2022.3333L933%2024L943.5%2020.1957L956.5%2021L964%2017.5217L968%2017L980%2010H1005L1015%2017H1052L1110%2010L1132%200L1141%201.8L1156.5%208L1165.5%206.7L1180.5%2011.625H1188.75L1195.5%2014.6944H1201.5L1209.5%2018L1221%2019.3889L1235%2027L1268%2038L1311%2028L1316%2023L1338%2017L1354%2028L1364%2038L1392%2028.6667L1404.5%2030L1409%2023H1419.5L1427%2017L1437%2020L1445%2028.6667L1456%2023L1470.5%2028.6667L1497.5%2017L1505%2010L1514%2013L1522%2010L1530.5%2012L1536%205L1543.5%208.05L1553%205.40854L1563%2010L1567%200L1584%208.05L1594%206.55L1604.5%202L1614.5%204.75L1631%2011.5L1647.5%208.05L1667%2018V102H0Z%22%20fill%3D%22var%28--awb-color3%29%22%2F%3E%3C%2Fsvg%3E );transform: rotateY(180deg) rotateX(180deg);\"><\/div><\/div><div class=\"fusion-section-separator-spacer\"><div class=\"fusion-section-separator-spacer-height\"><\/div><\/div><\/div><\/div><\/div><\/div><\/div><div class=\"fusion-fullwidth fullwidth-box fusion-builder-row-3 fusion-flex-container has-pattern-background has-mask-background nonhundred-percent-fullwidth non-hundred-percent-height-scrolling\" style=\"--awb-border-radius-top-left:0px;--awb-border-radius-top-right:0px;--awb-border-radius-bottom-right:0px;--awb-border-radius-bottom-left:0px;--awb-padding-top:50px;--awb-padding-right:5%;--awb-padding-bottom:120px;--awb-padding-left:5%;--awb-padding-top-small:50px;--awb-padding-right-small:20px;--awb-padding-bottom-small:50px;--awb-padding-left-small:20px;--awb-flex-wrap:wrap;\" ><div class=\"fusion-builder-row fusion-row fusion-flex-align-items-flex-start fusion-flex-justify-content-center fusion-flex-content-wrap\" style=\"max-width:calc( 1200px + 40px );margin-left: calc(-40px \/ 2 );margin-right: calc(-40px \/ 2 );\"><div class=\"fusion-layout-column fusion_builder_column fusion-builder-column-2 fusion_builder_column_1_2 1_2 fusion-flex-column\" style=\"--awb-bg-size:cover;--awb-width-large:50%;--awb-margin-top-large:0px;--awb-spacing-right-large:20px;--awb-margin-bottom-large:20px;--awb-spacing-left-large:20px;--awb-width-medium:50%;--awb-order-medium:0;--awb-spacing-right-medium:20px;--awb-spacing-left-medium:20px;--awb-width-small:100%;--awb-order-small:0;--awb-spacing-right-small:20px;--awb-spacing-left-small:20px;\"><div class=\"fusion-column-wrapper fusion-column-has-shadow fusion-flex-justify-content-center fusion-content-layout-row fusion-flex-align-items-center\"><div class=\"fusion-text fusion-text-2\" style=\"--awb-content-alignment:center;--awb-margin-top:30px;\"><p><span style=\"font-size: 23px; color: var(--awb-color6);\" data-fusion-font=\"true\">Currently, our materials are only available in German. <\/span><br \/><span style=\"color: var(--awb-color6); font-size: 23px;\" data-fusion-font=\"true\">Sign up for our english newsletter to receive updates on materials and new projects. <\/span><\/p>\n<\/div><style data=\"cr\/theme\">.bgcolor-1{background-color:#F1F5F7}.bgcolor-1-outlook{background-color:#F1F5F7}.color-1{color:#082137}.bgcolor-2{background-color:#FFF}.bgcolor-2-outlook{background-color:#FFF}.color-2{color:#082137}.aux-color-1{color:#00282E}.aux-bgcolor-1{background-color:#00282E}.aux-color-2{color:#15C}.aux-bgcolor-2{background-color:#15C}body{background-color:#F1F5F7}a{color:#15C}.cr-web-row{width:100%;max-width:600px}.cr-maxwidth{max-width:600px}<\/style>\n<style hash=\"cr-text-web\">.cr-text{font-family:Helvetica,Arial,sans-serif;font-size:14px}<\/style>\n<style hash=\"cr-web-css\">.cr-nope{display:none!important}.cr-web-row{box-sizing:border-box}@media only screen and (max-width:768px){.cr-web-row{width:75vw}}.cr-web-wrapper{display:flex;justify-content:center}.cr-web-row ul,.cr-web-row li{gap:4px;flex-direction:row}.cr-web-row ul{padding:0 8px;margin:0;list-style-type:none;flex-direction:column}.cr-web-row option{min-height:2em;white-space:normal}.cr-web-form{display:flex;flex-direction:column}.cr-web-form input,.cr-web-form select,.cr-web-form button{padding:8px 12px;border-radius:4px;border-style:solid;border-width:1px}.cr-web-form label,.cr-web-label{font-weight:500;padding:8px 0 8px 0;font-style:normal;line-height:normal}.cr-web-form button{font-size:1em;font-weight:700;color:#fff;font-style:normal;border-style:solid;border-color:#fff0;border-radius:4px;cursor:pointer}.cr-web-form label.required:after{content:' *';width:10px;height:100%;font-size:1.1em;line-height:inherit}.cr-web-label.required:after{content:' *'}.cr-web-form label.required .cred-html-wrapper,.cr-web-form label.required .cred-html{display:inline-block!important}<\/style>\n<style hash=\"cr-web-required\">.cr-web-label.required:after{content:' *'}<\/style>\n<style hash=\"cr-consent-required\">.cr-consent-required{display:block;margin-left:24px;padding:0!important}.cr-consent-required:after{content:' *'}<\/style>\n<style hash=\"cr-consent-wrapper\">.cr-consent-wrapper{display:flex;align-items:start}.cr-consent-wrapper input{display:block;width:auto}<\/style>\n<style data-source=\"autogenerated google-fixes\">u+#body a{color:#15C}u+#body{background-color:#F1F5F7}<\/style>\n  <form method=\"post\" action=\"https:\/\/flow.cleverreach.com\/fl\/9eeefd68-7a14-4364-b328-3ee9187cd812\/confirm\" class=\"\" target=\"_blank\">\n    <input type=\"text\" tabindex=\"-1\" autocomplete=\"false\" style=\"display:none !important;\" class=\"cr-nope\" name=\"email_confirm\">\n    <div class=\"cr-web-wrapper bgcolor-1\">\n      <div class=\"cr-web-row bgcolor-2\" style=\"padding:10px 20px;\">\n        <div class=\"cr-text color-2\" style=\"\">\n          <div class=\"cr-web-form\">\n            <label class=\"required\">E-Mail<\/label>\n            <input type=\"email\" placeholder=\"\" name=\"email\" required=\"\">\n          <\/div>\n        <\/div>\n      <\/div>\n    <\/div>\n        <div class=\"cr-web-wrapper bgcolor-1\">\n            <div class=\"cr-web-row bgcolor-2\" style=\"padding:10px 20px;\">\n    <div class=\"cr-text color-2\" style=\"\">\n      <div class=\"cr-web-form\">\n        <div>\n          <div class=\"cr-consent-wrapper\">\n            <input type=\"checkbox\" name=\"tags[]\" value=\"accept\" required=\"\">\n            <label class=\"cr-consent-required\">The information you provide in the newsletter form will be stored, processed, and used for the specific purpose of sending you the newsletter. You can object to this processing at any time for the future by sending an email to info@sparks4school.org. By submitting the data you have entered, you consent to the processing of your data and confirm our privacy policy.<\/label>\n          <\/div>\n        <\/div>\n      <\/div>\n    <\/div>\n            <\/div>\n          <\/div>\n    <div class=\"cr-web-wrapper bgcolor-1\">\n      <div class=\"cr-web-row bgcolor-2\" style=\"padding:10px 20px;\">\n        <div class=\"cr-web-form\">\n          <button type=\"submit\" class=\"aux-color-1 aux-bgcolor-1 cr-text\">Anmelden<\/button>\n        <\/div>\n      <\/div>\n    <\/div>\n  <\/form>\n  <div class=\"fusion-text fusion-text-3\" style=\"--awb-content-alignment:center;--awb-margin-top:30px;\"><p style=\"color: var(--awb-color6); font-size: 23px;\" data-fusion-font=\"true\">Here you can register for the German materials.<\/p>\n<\/div>\t<div class='user-registration ur-frontend-form   ' id='user-registration-form-381'>\n\t\t\t\t\t\t\t\t<form method='post' class='register' data-form-id=\"381\"\n\t\t\t\tdata-enable-strength-password=\"\" data-minimum-password-strength=\"3\"\n\t\t\t\t\t\t\t\t\t\t\t\t\t\t\t data-captcha-enabled=\"\">\n\n\t\t\t\t<div class=\"ur-form-row\" data-row-id=\"0\">\t\t\t\t\t\t\t<div class=\"ur-form-grid ur-grid-1\"\n\t\t\t\t\t\t\t\tstyle=\"width:99%\">\n\t\t\t\t\t\t\t\t\t\t\t\t\t\t\t\t<div  data-field-id=\"user_email\" class=\"ur-field-item field-user_email \" data-ref-id=\"user_email\" data-field-pattern-enabled=\"0\" data-field-pattern-value=\" \" data-field-pattern-message=\" \">\n\t\t\t\t\t\t\t\t\t\t<div class=\"form-row validate-required\" id=\"user_email_field\" data-priority=\"\" ><label for=\"user_email\" class=\"ur-label\">Mailadresse <abbr class=\"required\" title=\"required\">*<\/abbr><\/label> <span class=\"input-wrapper\"> <input  data-rules=\"\" data-id=\"user_email\" type=\"email\" class=\"input-text   input-email ur-frontend-field  \" name=\"user_email\" id=\"user_email\" placeholder=\"\"  value=\"\" required=\"required\" data-label=\"Mailadresse\" \/> <\/span> <\/div>\t\t\t\t\t\t\t\t\t<\/div>\n\t\t\t\t\t\t\t\t\t\t\t\t\t\t\t\t\t\t<div  data-field-id=\"schulart\" class=\"ur-field-item field-radio \" data-ref-id=\"schulart\" data-field-pattern-enabled=\"0\" data-field-pattern-value=\" \" data-field-pattern-message=\" \">\n\t\t\t\t\t\t\t\t\t\t<div class=\"form-row validate-required\" id=\"schulart_field\" data-priority=\"\" ><label for=\"Gymnasium\" class=\"ur-label\">Schulart <abbr class=\"required\" title=\"required\">*<\/abbr><\/label><ul><li class=\"ur-radio-list\"><input data-rules=\"\" data-id=\"schulart\" type=\"radio\" class=\"input-radio ur-frontend-field  \" value=\"Gymnasium\" name=\"schulart\" id=\"schulart_Gymnasium\" required=\"required\" data-label=\"Schulart\"  \/> <label for=\"schulart_Gymnasium\" class=\"radio\">Gymnasium<\/label><\/li><li class=\"ur-radio-list\"><input data-rules=\"\" data-id=\"schulart\" type=\"radio\" class=\"input-radio ur-frontend-field  \" value=\"Realschule\" name=\"schulart\" id=\"schulart_Realschule\" required=\"required\" data-label=\"Schulart\"  \/> <label for=\"schulart_Realschule\" class=\"radio\">Realschule<\/label><\/li><li class=\"ur-radio-list\"><input data-rules=\"\" data-id=\"schulart\" type=\"radio\" class=\"input-radio ur-frontend-field  \" value=\"Werkrealschule\" name=\"schulart\" id=\"schulart_Werkrealschule\" required=\"required\" data-label=\"Schulart\"  \/> <label for=\"schulart_Werkrealschule\" class=\"radio\">Werkrealschule<\/label><\/li><li class=\"ur-radio-list\"><input data-rules=\"\" data-id=\"schulart\" type=\"radio\" class=\"input-radio ur-frontend-field  \" value=\"SBBZ\" name=\"schulart\" id=\"schulart_SBBZ\" required=\"required\" data-label=\"Schulart\"  \/> <label for=\"schulart_SBBZ\" class=\"radio\">SBBZ<\/label><\/li><li class=\"ur-radio-list\"><input data-rules=\"\" data-id=\"schulart\" type=\"radio\" class=\"input-radio ur-frontend-field  \" value=\"Berufliche Schule\" name=\"schulart\" id=\"schulart_Berufliche Schule\" required=\"required\" data-label=\"Schulart\"  \/> <label for=\"schulart_Berufliche Schule\" class=\"radio\">Berufliche Schule<\/label><\/li><li class=\"ur-radio-list\"><input data-rules=\"\" data-id=\"schulart\" type=\"radio\" class=\"input-radio ur-frontend-field  \" value=\"Sonstiges\" name=\"schulart\" id=\"schulart_Sonstiges\" required=\"required\" data-label=\"Schulart\"  \/> <label for=\"schulart_Sonstiges\" class=\"radio\">Sonstiges<\/label><\/li><\/ul><\/div>\t\t\t\t\t\t\t\t\t<\/div>\n\t\t\t\t\t\t\t\t\t\t\t\t\t\t\t\t\t\t<div  data-field-id=\"fachrichtung\" class=\"ur-field-item field-text \" data-ref-id=\"fachrichtung\" data-field-pattern-enabled=\"0\" data-field-pattern-value=\" \" data-field-pattern-message=\" \">\n\t\t\t\t\t\t\t\t\t\t<div class=\"form-row validate-required\" id=\"fachrichtung_field\" data-priority=\"\" ><label for=\"fachrichtung\" class=\"ur-label\">F\u00e4cher oder Fachrichtung <abbr class=\"required\" title=\"required\">*<\/abbr><\/label> <span class=\"input-wrapper\"> <input  data-rules=\"\" data-id=\"fachrichtung\" type=\"text\" class=\"input-text   input-text ur-frontend-field  \" name=\"fachrichtung\" id=\"fachrichtung\" placeholder=\"\"  value=\"\" required=\"required\" data-label=\"F\u00e4cher oder Fachrichtung\" \/> <\/span> <\/div>\t\t\t\t\t\t\t\t\t<\/div>\n\t\t\t\t\t\t\t\t\t\t\t\t\t\t\t\t\t\t<div  data-field-id=\"user_pass\" class=\"ur-field-item field-user_pass \" data-ref-id=\"user_pass\" data-field-pattern-enabled=\"0\" data-field-pattern-value=\" \" data-field-pattern-message=\" \">\n\t\t\t\t\t\t\t\t\t\t<div class=\"form-row validate-required hide_show_password\" id=\"user_pass_field\" data-priority=\"\"><label for=\"user_pass\" class=\"ur-label\">Passwort <abbr class=\"required\" title=\"required\">*<\/abbr><\/label> <span class=\"input-wrapper\"> <span class=\"password-input-group input-form-field-icons\"><input data-rules=\"\" data-id=\"user_pass\" type=\"password\" class=\"input-text  input-password ur-frontend-field  \" name=\"user_pass\" id=\"user_pass\" placeholder=\"\"  value=\"\" required=\"required\" data-label=\"Passwort\" \/><a href=\"javaScript:void(0)\" class=\"password_preview dashicons dashicons-hidden\" title=\" Show password \"><\/a><\/span> <\/span> <\/div>\t\t\t\t\t\t\t\t\t<\/div>\n\t\t\t\t\t\t\t\t\t\t\t\t\t\t\t\t\t\t<div  data-field-id=\"user_confirm_password\" class=\"ur-field-item field-user_confirm_password \" data-ref-id=\"user_confirm_password\" data-field-pattern-enabled=\"0\" data-field-pattern-value=\" \" data-field-pattern-message=\" \">\n\t\t\t\t\t\t\t\t\t\t<div class=\"form-row validate-required hide_show_password\" id=\"user_confirm_password_field\" data-priority=\"\"><label for=\"user_confirm_password\" class=\"ur-label\">Passwort best\u00e4tigen <abbr class=\"required\" title=\"required\">*<\/abbr><\/label> <span class=\"input-wrapper\"> <span class=\"password-input-group input-form-field-icons\"><input data-rules=\"\" data-id=\"user_confirm_password\" type=\"password\" class=\"input-text  input-password ur-frontend-field  \" name=\"user_confirm_password\" id=\"user_confirm_password\" placeholder=\"\"  value=\"\" required=\"required\" data-label=\"Passwort best\u00e4tigen\" \/><a href=\"javaScript:void(0)\" class=\"password_preview dashicons dashicons-hidden\" title=\" Show password \"><\/a><\/span> <\/span> <\/div>\t\t\t\t\t\t\t\t\t<\/div>\n\t\t\t\t\t\t\t\t\t\t\t\t\t\t\t\t\t\t<div  data-field-id=\"datenschutz\" class=\"ur-field-item field-privacy_policy \" data-ref-id=\"datenschutz\" data-field-pattern-enabled=\"0\" data-field-pattern-value=\" \" data-field-pattern-message=\" \">\n\t\t\t\t\t\t\t\t\t\t<div class=\"form-row validate-required\" id=\"datenschutz_field\" data-priority=\"\" ><label class=\"ur-label checkbox\" required=\"required\" data-label=\"Ich stimme der Datenschutzrichtlinie und den Nutzungsbedingungen zu.\">\n\t\t\t\t\t\t\t<input data-rules=\"\" data-id=\"datenschutz\" required=\"required\" data-label=\"Ich stimme der Datenschutzrichtlinie und den Nutzungsbedingungen zu.\" data-value=\"\" type=\"checkbox\" class=\"input-checkbox ur-frontend-field \" name=\"datenschutz\" id=\"datenschutz\" value=\"1\"  \/> Ich stimme der Datenschutzrichtlinie und den Nutzungsbedingungen zu. <abbr class=\"required\" title=\"required\">*<\/abbr><\/label><span class=\"description\">Ihre Angaben werden ausschlie\u00dflich f\u00fcr den Zugang zu den Unterrichtsmaterialien (E-Mail) genutzt. Schulart und F\u00e4cher k\u00f6nnen anonymisiert statistisch ausgewertet werden, um unser Angebot zu verbessern.<\/span><\/div>\t\t\t\t\t\t\t\t\t<\/div>\n\t\t\t\t\t\t\t\t\t\t\t\t\t\t\t\t<\/div>\n\t\t\t\t\t\t\t\t\t\t\t\t\t<\/div>\n\t\t\t\t\t\t\t\t\t\t\t\t\t\t\t\t\t\t<div class=\"ur-button-container \" >\n\t\t\t\t\t\t\t\t\t\t\t\t\t\t<button type=\"submit\" class=\"btn button ur-submit-button submit\"  conditional_rules=\"&quot;&quot;\">\n\t\t\t\t\t\t\t\t<span><\/span>\n\t\t\t\t\t\t\t\tRegistrieren\t\t\t\t\t\t\t<\/button>\n\t\t\t\t\t\t\t\t\t\t\t\t\t\t\t\t\t\t\t\t<\/div>\n\t\t\t\t\t\t\n\t\t\t\t<div style=\"clear:both\"><\/div>\n\t\t\t\t\t\t\t\t<input type=\"hidden\" name=\"ur-registration-language\" value=\"en\"\/>\n\t\t\t\t<input type=\"hidden\" name=\"ur-user-form-id\" value=\"381\"\/>\n\t\t\t\t<input type=\"hidden\" name=\"ur-redirect-url\" value=\"\"\/>\n\t\t\t\t<input type=\"hidden\" id=\"ur_frontend_form_nonce\" name=\"ur_frontend_form_nonce\" value=\"8c83e802c2\" \/>\n\t\t\t\t\n\t\t\t<\/form>\n\t\t\t\n\t\t<div style=\"clear:both\"><\/div>\n\t<\/div>\n\n<\/div><\/div><\/div><\/div><\/p>\n","protected":false},"excerpt":{"rendered":"","protected":false},"author":3,"featured_media":0,"parent":0,"menu_order":0,"comment_status":"closed","ping_status":"closed","template":"100-width.php","meta":{"footnotes":""},"class_list":["post-878","page","type-page","status-publish","hentry"],"_links":{"self":[{"href":"https:\/\/sparks4school.org\/en\/wp-json\/wp\/v2\/pages\/878","targetHints":{"allow":["GET"]}}],"collection":[{"href":"https:\/\/sparks4school.org\/en\/wp-json\/wp\/v2\/pages"}],"about":[{"href":"https:\/\/sparks4school.org\/en\/wp-json\/wp\/v2\/types\/page"}],"author":[{"embeddable":true,"href":"https:\/\/sparks4school.org\/en\/wp-json\/wp\/v2\/users\/3"}],"replies":[{"embeddable":true,"href":"https:\/\/sparks4school.org\/en\/wp-json\/wp\/v2\/comments?post=878"}],"version-history":[{"count":7,"href":"https:\/\/sparks4school.org\/en\/wp-json\/wp\/v2\/pages\/878\/revisions"}],"predecessor-version":[{"id":1030,"href":"https:\/\/sparks4school.org\/en\/wp-json\/wp\/v2\/pages\/878\/revisions\/1030"}],"wp:attachment":[{"href":"https:\/\/sparks4school.org\/en\/wp-json\/wp\/v2\/media?parent=878"}],"curies":[{"name":"wp","href":"https:\/\/api.w.org\/{rel}","templated":true}]}}